{"id":2754,"date":"2024-09-25T11:25:58","date_gmt":"2024-09-25T09:25:58","guid":{"rendered":"https:\/\/www.dna-ambiente.it\/contatti\/"},"modified":"2025-01-09T16:09:26","modified_gmt":"2025-01-09T15:09:26","slug":"contactos","status":"publish","type":"page","link":"https:\/\/www.dna-ambiente.it\/es\/contactos\/","title":{"rendered":"Contactos"},"content":{"rendered":"<section class=\"l-section wpb_row height_small\"><div class=\"l-section-h i-cf\"><div class=\"g-cols vc_row via_grid cols_1 laptops-cols_inherit tablets-cols_inherit mobiles-cols_1 valign_top type_default stacking_default\"><div class=\"wpb_column vc_column_container\"><div class=\"vc_column-inner\"><div class=\"w-image has_ratio align_none\"><div class=\"w-image-h\"><div style=\"padding-bottom:56.25%\"><\/div><img decoding=\"async\" width=\"1800\" height=\"785\" src=\"https:\/\/www.dna-ambiente.it\/wp-content\/uploads\/2024\/09\/manager_telefono.jpg\" class=\"attachment-full size-full\" alt=\"\" loading=\"lazy\" srcset=\"https:\/\/www.dna-ambiente.it\/wp-content\/uploads\/2024\/09\/manager_telefono.jpg 1800w, https:\/\/www.dna-ambiente.it\/wp-content\/uploads\/2024\/09\/manager_telefono-300x131.jpg 300w, https:\/\/www.dna-ambiente.it\/wp-content\/uploads\/2024\/09\/manager_telefono-1024x447.jpg 1024w\" sizes=\"auto, (max-width: 1800px) 100vw, 1800px\" \/><\/div><\/div><\/div><\/div><\/div><\/div><\/section><section class=\"l-section wpb_row height_small\"><div class=\"l-section-h i-cf\"><div class=\"g-cols vc_row via_grid cols_1-4-1 laptops-cols_inherit tablets-cols_inherit mobiles-cols_1 valign_top type_default stacking_default\"><div class=\"wpb_column vc_column_container\"><div class=\"vc_column-inner\"><\/div><\/div><div class=\"wpb_column vc_column_container\"><div class=\"vc_column-inner\"><h3 class=\"w-text\"><span class=\"w-text-h\"><span class=\"w-text-value\">Compila il form per essere ricontattato:<\/span><\/span><\/h3><div class=\"w-separator size_small\"><\/div>\n<div class=\"wpcf7 no-js\" id=\"wpcf7-f2749-o1\" lang=\"it-IT\" dir=\"ltr\" data-wpcf7-id=\"2749\">\n<div class=\"screen-reader-response\"><p role=\"status\" aria-live=\"polite\" aria-atomic=\"true\"><\/p> <ul><\/ul><\/div>\n<form action=\"\/es\/wp-json\/wp\/v2\/pages\/2754#wpcf7-f2749-o1\" method=\"post\" class=\"wpcf7-form init\" aria-label=\"Modulo di contatto\" novalidate=\"novalidate\" data-status=\"init\">\n<fieldset class=\"hidden-fields-container\"><input type=\"hidden\" name=\"_wpcf7\" value=\"2749\" \/><input type=\"hidden\" name=\"_wpcf7_version\" value=\"6.1.5\" \/><input type=\"hidden\" name=\"_wpcf7_locale\" value=\"it_IT\" \/><input type=\"hidden\" name=\"_wpcf7_unit_tag\" value=\"wpcf7-f2749-o1\" \/><input type=\"hidden\" name=\"_wpcf7_container_post\" value=\"0\" \/><input type=\"hidden\" name=\"_wpcf7_posted_data_hash\" value=\"\" \/><input type=\"hidden\" name=\"_wpcf7_recaptcha_response\" value=\"\" \/>\n<\/fieldset>\n<p><label> Nombre y apellido *<br \/>\n<span class=\"wpcf7-form-control-wrap\" data-name=\"nome\"><input size=\"40\" maxlength=\"400\" class=\"wpcf7-form-control wpcf7-text wpcf7-validates-as-required\" aria-required=\"true\" aria-invalid=\"false\" placeholder=\"Introduce tu nombre y apellido\" value=\"\" type=\"text\" name=\"nome\" \/><\/span> <\/label>\n<\/p>\n<p><label> Empresa *<br \/>\n<span class=\"wpcf7-form-control-wrap\" data-name=\"azienda\"><input size=\"40\" maxlength=\"400\" class=\"wpcf7-form-control wpcf7-text wpcf7-validates-as-required\" aria-required=\"true\" aria-invalid=\"false\" placeholder=\"Introduzca el nombre de su empresa\" value=\"\" type=\"text\" name=\"azienda\" \/><\/span> <\/label>\n<\/p>\n<p><label> Email *<br \/>\n<span class=\"wpcf7-form-control-wrap\" data-name=\"email\"><input size=\"40\" maxlength=\"400\" class=\"wpcf7-form-control wpcf7-email wpcf7-validates-as-required wpcf7-text wpcf7-validates-as-email\" aria-required=\"true\" aria-invalid=\"false\" placeholder=\"Introduce tu direcci\u00f3n de correo electr\u00f3nico\" value=\"\" type=\"email\" name=\"email\" \/><\/span> <\/label>\n<\/p>\n<p><label> Tel\u00e9fono *<br \/>\n<span class=\"wpcf7-form-control-wrap\" data-name=\"tel\"><input size=\"40\" maxlength=\"400\" class=\"wpcf7-form-control wpcf7-text wpcf7-validates-as-required\" aria-required=\"true\" aria-invalid=\"false\" placeholder=\"Introduce un n\u00famero de tel\u00e9fono o m\u00f3vil\" value=\"\" type=\"text\" name=\"tel\" \/><\/span> <\/label>\n<\/p>\n<p><label> Tipo de solicitud *<br \/>\n<span class=\"wpcf7-form-control-wrap\" data-name=\"tipo_richiesta\"><select class=\"wpcf7-form-control wpcf7-select wpcf7-validates-as-required\" aria-required=\"true\" aria-invalid=\"false\" name=\"tipo_richiesta\"><option value=\"\">&#8212;Seleziona un&#039;opzione&#8212;<\/option><option value=\"Oficina de prensa\">Oficina de prensa<\/option><option value=\"Colaboraci\u00f3n\">Colaboraci\u00f3n<\/option><option value=\"Solicitud de informaci\u00f3n\">Solicitud de informaci\u00f3n<\/option><option value=\"Solicitud de demostraci\u00f3n\">Solicitud de demostraci\u00f3n<\/option><option value=\"Otro (especificar en el mensaje)\">Otro (especificar en el mensaje)<\/option><\/select><\/span> <\/label>\n<\/p>\n<p><label> Procesos de inter\u00e9s<br \/>\n<span class=\"wpcf7-form-control-wrap\" data-name=\"processi_interesse\"><select class=\"wpcf7-form-control wpcf7-select\" aria-invalid=\"false\" name=\"processi_interesse\"><option value=\"\">&#8212;Seleziona un&#039;opzione&#8212;<\/option><option value=\"Relaci\u00f3n con el usuario\">Relaci\u00f3n con el usuario<\/option><option value=\"Disposici\u00f3n\">Disposici\u00f3n<\/option><option value=\"Recogida\">Recogida<\/option><option value=\"Higiene ambiental\">Higiene ambiental<\/option><option value=\"Facturaci\u00f3n\">Facturaci\u00f3n<\/option><option value=\"Cumplimiento\">Cumplimiento<\/option><option value=\"Otros (especificar en el mensaje)\">Otros (especificar en el mensaje)<\/option><\/select><\/span> <\/label>\n<\/p>\n<p><label> Mensaje<br \/>\n<span class=\"wpcf7-form-control-wrap\" data-name=\"messaggio\"><textarea cols=\"40\" rows=\"10\" maxlength=\"2000\" class=\"wpcf7-form-control wpcf7-textarea\" aria-invalid=\"false\" placeholder=\"Ingrese un mensaje o cualquier otra solicitud\" name=\"messaggio\"><\/textarea><\/span><br \/>\n<\/label>\n<\/p>\n<div class=\"box_grid\">\n\t<div class=\"privacy\">\n\t\t<p><span class=\"wpcf7-form-control-wrap\" data-name=\"privacy\"><span class=\"wpcf7-form-control wpcf7-checkbox wpcf7-validates-as-required\" id=\"privacy\"><span class=\"wpcf7-list-item first last\"><input type=\"checkbox\" name=\"privacy[]\" value=\"Confirmo que he le\u00eddo la informaci\u00f3n sobre el tratamiento de datos conforme al art. 13 del Reglamento (UE) n\u00fam. 679\/2016 (RGPD).\" \/><span class=\"wpcf7-list-item-label\">Confirmo que he le\u00eddo la informaci\u00f3n sobre el tratamiento de datos conforme al art. 13 del Reglamento (UE) n\u00fam. 679\/2016 (RGPD).<\/span><\/span><\/span><\/span><label for=\"privacy\"><\/label>\n\t\t<\/p>\n\t<\/div>\n<div class=\"wpcf7-response-output\" aria-hidden=\"true\"><\/div>\n\t<p><input class=\"wpcf7-form-control wpcf7-submit has-spinner\" type=\"submit\" value=\"Enviar solicitud\" \/>\n\t<\/p>\n<\/div>\n<\/form>\n<\/div>\n<div class=\"w-separator size_medium\"><\/div><\/div><\/div><div class=\"wpb_column vc_column_container\"><div class=\"vc_column-inner\"><\/div><\/div><\/div><\/div><\/section>\n","protected":false},"excerpt":{"rendered":"Compila il form per essere ricontattato: Nombre y apellido * Empresa * Email * Tel\u00e9fono * Tipo de solicitud * &#8212;Seleziona un&#039;opzione&#8212;Oficina de prensaColaboraci\u00f3nSolicitud de informaci\u00f3nSolicitud de demostraci\u00f3nOtro (especificar en el mensaje) Procesos de inter\u00e9s &#8212;Seleziona un&#039;opzione&#8212;Relaci\u00f3n con el usuarioDisposici\u00f3nRecogidaHigiene ambientalFacturaci\u00f3nCumplimientoOtros (especificar en el mensaje) Mensaje Confirmo que he le\u00eddo la informaci\u00f3n sobre el tratamiento...","protected":false},"author":4,"featured_media":0,"parent":0,"menu_order":0,"comment_status":"closed","ping_status":"closed","template":"","meta":{"_acf_changed":false,"footnotes":""},"class_list":["post-2754","page","type-page","status-publish","hentry"],"acf":[],"yoast_head":"<!-- This site is optimized with the Yoast SEO Premium plugin v27.0 (Yoast SEO v27.0) - https:\/\/yoast.com\/product\/yoast-seo-premium-wordpress\/ -->\n<title>Contactos - DNA Ambiente - Digital Ecosystem<\/title>\n<meta name=\"robots\" content=\"index, follow, max-snippet:-1, max-image-preview:large, max-video-preview:-1\" \/>\n<link rel=\"canonical\" href=\"https:\/\/www.dna-ambiente.it\/contatti\/\" \/>\n<meta property=\"og:locale\" content=\"es_ES\" \/>\n<meta property=\"og:type\" content=\"article\" \/>\n<meta property=\"og:title\" content=\"Contactos\" \/>\n<meta property=\"og:url\" content=\"https:\/\/www.dna-ambiente.it\/contatti\/\" \/>\n<meta property=\"og:site_name\" content=\"DNA Ambiente - Digital Ecosystem\" \/>\n<meta property=\"article:modified_time\" content=\"2025-01-09T15:09:26+00:00\" \/>\n<meta name=\"twitter:card\" content=\"summary_large_image\" \/>\n<meta name=\"twitter:label1\" content=\"Tiempo de lectura\" \/>\n\t<meta name=\"twitter:data1\" content=\"1 minuto\" \/>\n<script type=\"application\/ld+json\" class=\"yoast-schema-graph\">{\"@context\":\"https:\/\/schema.org\",\"@graph\":[{\"@type\":\"WebPage\",\"@id\":\"https:\/\/www.dna-ambiente.it\/contatti\/\",\"url\":\"https:\/\/www.dna-ambiente.it\/contatti\/\",\"name\":\"Contactos - DNA Ambiente - Digital Ecosystem\",\"isPartOf\":{\"@id\":\"https:\/\/www.dna-ambiente.it\/#website\"},\"datePublished\":\"2024-09-25T09:25:58+00:00\",\"dateModified\":\"2025-01-09T15:09:26+00:00\",\"breadcrumb\":{\"@id\":\"https:\/\/www.dna-ambiente.it\/contatti\/#breadcrumb\"},\"inLanguage\":\"es\",\"potentialAction\":[{\"@type\":\"ReadAction\",\"target\":[\"https:\/\/www.dna-ambiente.it\/contatti\/\"]}]},{\"@type\":\"BreadcrumbList\",\"@id\":\"https:\/\/www.dna-ambiente.it\/contatti\/#breadcrumb\",\"itemListElement\":[{\"@type\":\"ListItem\",\"position\":1,\"name\":\"Home\",\"item\":\"https:\/\/www.dna-ambiente.it\/es\/\"},{\"@type\":\"ListItem\",\"position\":2,\"name\":\"Contactos\"}]},{\"@type\":\"WebSite\",\"@id\":\"https:\/\/www.dna-ambiente.it\/#website\",\"url\":\"https:\/\/www.dna-ambiente.it\/\",\"name\":\"DNA Ambiente - Digital Ecosystem\",\"description\":\"\",\"publisher\":{\"@id\":\"https:\/\/www.dna-ambiente.it\/#organization\"},\"potentialAction\":[{\"@type\":\"SearchAction\",\"target\":{\"@type\":\"EntryPoint\",\"urlTemplate\":\"https:\/\/www.dna-ambiente.it\/?s={search_term_string}\"},\"query-input\":{\"@type\":\"PropertyValueSpecification\",\"valueRequired\":true,\"valueName\":\"search_term_string\"}}],\"inLanguage\":\"es\"},{\"@type\":\"Organization\",\"@id\":\"https:\/\/www.dna-ambiente.it\/#organization\",\"name\":\"DNA Ambiente - Digital Ecosystem\",\"url\":\"https:\/\/www.dna-ambiente.it\/\",\"logo\":{\"@type\":\"ImageObject\",\"inLanguage\":\"es\",\"@id\":\"https:\/\/www.dna-ambiente.it\/#\/schema\/logo\/image\/\",\"url\":\"https:\/\/www.dna-ambiente.it\/wp-content\/uploads\/2024\/09\/DNA_logo.svg\",\"contentUrl\":\"https:\/\/www.dna-ambiente.it\/wp-content\/uploads\/2024\/09\/DNA_logo.svg\",\"width\":\"1024\",\"height\":\"1024\",\"caption\":\"DNA Ambiente - Digital Ecosystem\"},\"image\":{\"@id\":\"https:\/\/www.dna-ambiente.it\/#\/schema\/logo\/image\/\"}}]}<\/script>\n<!-- \/ Yoast SEO Premium plugin. -->","yoast_head_json":{"title":"Contactos - DNA Ambiente - Digital Ecosystem","robots":{"index":"index","follow":"follow","max-snippet":"max-snippet:-1","max-image-preview":"max-image-preview:large","max-video-preview":"max-video-preview:-1"},"canonical":"https:\/\/www.dna-ambiente.it\/contatti\/","og_locale":"es_ES","og_type":"article","og_title":"Contactos","og_url":"https:\/\/www.dna-ambiente.it\/contatti\/","og_site_name":"DNA Ambiente - Digital Ecosystem","article_modified_time":"2025-01-09T15:09:26+00:00","twitter_card":"summary_large_image","twitter_misc":{"Tiempo de lectura":"1 minuto"},"schema":{"@context":"https:\/\/schema.org","@graph":[{"@type":"WebPage","@id":"https:\/\/www.dna-ambiente.it\/contatti\/","url":"https:\/\/www.dna-ambiente.it\/contatti\/","name":"Contactos - DNA Ambiente - Digital Ecosystem","isPartOf":{"@id":"https:\/\/www.dna-ambiente.it\/#website"},"datePublished":"2024-09-25T09:25:58+00:00","dateModified":"2025-01-09T15:09:26+00:00","breadcrumb":{"@id":"https:\/\/www.dna-ambiente.it\/contatti\/#breadcrumb"},"inLanguage":"es","potentialAction":[{"@type":"ReadAction","target":["https:\/\/www.dna-ambiente.it\/contatti\/"]}]},{"@type":"BreadcrumbList","@id":"https:\/\/www.dna-ambiente.it\/contatti\/#breadcrumb","itemListElement":[{"@type":"ListItem","position":1,"name":"Home","item":"https:\/\/www.dna-ambiente.it\/es\/"},{"@type":"ListItem","position":2,"name":"Contactos"}]},{"@type":"WebSite","@id":"https:\/\/www.dna-ambiente.it\/#website","url":"https:\/\/www.dna-ambiente.it\/","name":"DNA Ambiente - Digital Ecosystem","description":"","publisher":{"@id":"https:\/\/www.dna-ambiente.it\/#organization"},"potentialAction":[{"@type":"SearchAction","target":{"@type":"EntryPoint","urlTemplate":"https:\/\/www.dna-ambiente.it\/?s={search_term_string}"},"query-input":{"@type":"PropertyValueSpecification","valueRequired":true,"valueName":"search_term_string"}}],"inLanguage":"es"},{"@type":"Organization","@id":"https:\/\/www.dna-ambiente.it\/#organization","name":"DNA Ambiente - Digital Ecosystem","url":"https:\/\/www.dna-ambiente.it\/","logo":{"@type":"ImageObject","inLanguage":"es","@id":"https:\/\/www.dna-ambiente.it\/#\/schema\/logo\/image\/","url":"https:\/\/www.dna-ambiente.it\/wp-content\/uploads\/2024\/09\/DNA_logo.svg","contentUrl":"https:\/\/www.dna-ambiente.it\/wp-content\/uploads\/2024\/09\/DNA_logo.svg","width":"1024","height":"1024","caption":"DNA Ambiente - Digital Ecosystem"},"image":{"@id":"https:\/\/www.dna-ambiente.it\/#\/schema\/logo\/image\/"}}]}},"_links":{"self":[{"href":"https:\/\/www.dna-ambiente.it\/es\/wp-json\/wp\/v2\/pages\/2754","targetHints":{"allow":["GET"]}}],"collection":[{"href":"https:\/\/www.dna-ambiente.it\/es\/wp-json\/wp\/v2\/pages"}],"about":[{"href":"https:\/\/www.dna-ambiente.it\/es\/wp-json\/wp\/v2\/types\/page"}],"author":[{"embeddable":true,"href":"https:\/\/www.dna-ambiente.it\/es\/wp-json\/wp\/v2\/users\/4"}],"replies":[{"embeddable":true,"href":"https:\/\/www.dna-ambiente.it\/es\/wp-json\/wp\/v2\/comments?post=2754"}],"version-history":[{"count":1,"href":"https:\/\/www.dna-ambiente.it\/es\/wp-json\/wp\/v2\/pages\/2754\/revisions"}],"predecessor-version":[{"id":2757,"href":"https:\/\/www.dna-ambiente.it\/es\/wp-json\/wp\/v2\/pages\/2754\/revisions\/2757"}],"wp:attachment":[{"href":"https:\/\/www.dna-ambiente.it\/es\/wp-json\/wp\/v2\/media?parent=2754"}],"curies":[{"name":"wp","href":"https:\/\/api.w.org\/{rel}","templated":true}]}}